{"id":126,"date":"2016-02-17T13:42:08","date_gmt":"2016-02-17T13:42:08","guid":{"rendered":"http:\/\/test.kriesi.at\/consulting\/?page_id=9"},"modified":"2024-09-12T15:01:44","modified_gmt":"2024-09-12T15:01:44","slug":"welcome","status":"publish","type":"page","link":"https:\/\/www.pizzapastatoni.de\/","title":{"rendered":"Welcome"},"content":{"rendered":"<\/div><\/div><\/div><!-- close content main div --><\/div><\/div><div id='full_slider_1' class='avia-fullwidth-slider main_color avia-shadow  container_wrap fullsize'   ><div  data-size='no scaling'  data-lightbox_size='large'  data-animation='fade'  data-ids='251,252,253'  data-video_counter='0'  data-autoplay='true'  data-bg_slider='false'  data-slide_height=''  data-handle='av_slideshow_full'  data-interval='5'  data-class=' '  data-css_id=''  data-scroll_down=''  data-control_layout='av-control-default'  data-custom_markup=''  data-perma_caption=''  data-autoplay_stopper='1'  data-image_attachment=''  data-min_height='0px'  data-src=''  data-position='top left'  data-repeat='no-repeat'  data-attach='scroll'  data-stretch=''  class='avia-slideshow avia-slideshow-1  av-control-default av-default-height-applied avia-slideshow-no scaling av_slideshow_full   avia-fade-slider '  itemscope=\"itemscope\" itemtype=\"https:\/\/schema.org\/ImageObject\" ><ul class='avia-slideshow-inner' style='padding-bottom: 58.823529411765%;'><li  class=' slide-1 ' ><div data-rel='slideshow-1' class='avia-slide-wrap'  ><div class = \"caption_fullwidth av-slideshow-caption caption_center caption_center_framed caption_framed\"><div class = \"container caption_container\"><div class = \"slideshow_caption\"><div class = \"slideshow_inner_caption\"><div class = \"slideshow_align_caption\"><h2  style='font-size:30px; color:#ffffff; ' class='avia-caption-title'  itemprop=\"name\" >Einfach bestellen und abholen<\/h2><div class='avia-caption-content av_inherit_color'  itemprop=\"description\"   style='font-size:30px; color:#ffffff; '><p>07622 \/ 66 74 607<\/p>\n<\/div><\/div><\/div><\/div><\/div><\/div><img src='https:\/\/www.pizzapastatoni.de\/wp-content\/uploads\/2016\/02\/slider001.jpg' width='3400' height='2000' title='slider001' alt=''  itemprop=\"thumbnailUrl\"   \/><\/div><\/li><li  class=' slide-2 ' ><div data-rel='slideshow-1' class='avia-slide-wrap'  ><div class = \"caption_fullwidth av-slideshow-caption caption_center caption_center_framed caption_framed\"><div class = \"container caption_container\"><div class = \"slideshow_caption\"><div class = \"slideshow_inner_caption\"><div class = \"slideshow_align_caption\"><h2  style='font-size:30px; color:#ffffff; ' class='avia-caption-title'  itemprop=\"name\" >Einfach bestellen und abholen<\/h2><div class='avia-caption-content av_inherit_color'  itemprop=\"description\"   style='font-size:30px; color:#ffffff; '><p>07622 \/ 66 74 607<\/p>\n<\/div><\/div><\/div><\/div><\/div><\/div><img src='https:\/\/www.pizzapastatoni.de\/wp-content\/uploads\/2016\/02\/slider002.jpg' width='3400' height='2000' title='slider002' alt=''  itemprop=\"thumbnailUrl\"   \/><\/div><\/li><li  class=' slide-3 ' ><div data-rel='slideshow-1' class='avia-slide-wrap'  ><div class = \"caption_fullwidth av-slideshow-caption caption_center caption_center_framed caption_framed\"><div class = \"container caption_container\"><div class = \"slideshow_caption\"><div class = \"slideshow_inner_caption\"><div class = \"slideshow_align_caption\"><h2  style='font-size:30px; color:#ffffff; ' class='avia-caption-title'  itemprop=\"name\" >Einfach bestellen und abholen<\/h2><div class='avia-caption-content av_inherit_color'  itemprop=\"description\"   style='font-size:30px; color:#ffffff; '><p>07622 \/ 66 74 607<\/p>\n<\/div><\/div><\/div><\/div><\/div><\/div><img src='https:\/\/www.pizzapastatoni.de\/wp-content\/uploads\/2016\/02\/slider003.jpg' width='3400' height='2000' title='slider003' alt=''  itemprop=\"thumbnailUrl\"   \/><\/div><\/li><\/ul><div class='avia-slideshow-arrows avia-slideshow-controls'><a href='#prev' class='prev-slide' aria-hidden='true' data-av_icon='\ue87c' data-av_iconfont='entypo-fontello'>Zur\u00fcck<\/a><a href='#next' class='next-slide' aria-hidden='true' data-av_icon='\ue87d' data-av_iconfont='entypo-fontello'>Weiter<\/a><\/div><div class='avia-slideshow-dots avia-slideshow-controls'><a href='#1' class='goto-slide active' >1<\/a><a href='#2' class='goto-slide ' >2<\/a><a href='#3' class='goto-slide ' >3<\/a><\/div><\/div><\/div>\n<div style='padding-bottom:0px;' class='av-special-heading av-special-heading-h2  blockquote modern-quote modern-centered  '><h2 class='av-special-heading-tag'  itemprop=\"headline\"  >Herzlich Willkommen auf unserer neu gestalteten Internetseite<\/h2><div class='special-heading-border'><div class='special-heading-inner-border' ><\/div><\/div><\/div>\n<\/div><\/div><\/div><!-- close content main div --><\/div><\/div><div id='ueberuns' class='avia-section main_color avia-section-huge avia-no-shadow avia-bg-style-scroll  container_wrap fullsize'   ><div class='container' ><div class='template-page content  av-content-full alpha units'><div class='post-entry post-entry-type-page post-entry-126'><div class='entry-content-wrapper clearfix'>\n<div class=\"flex_column av_one_half  flex_column_div av-zero-column-padding first  \" style='border-radius:0px; '><p><div style='padding-bottom:50px;font-size:30px;' class='av-special-heading av-special-heading-h3  blockquote modern-quote modern-centered   av-inherit-size'><h3 class='av-special-heading-tag'  itemprop=\"headline\"  >\u00dcber uns<\/h3><div class='special-heading-border'><div class='special-heading-inner-border' ><\/div><\/div><\/div><br \/>\n<section class=\"av_textblock_section\"  itemscope=\"itemscope\" itemtype=\"https:\/\/schema.org\/CreativeWork\" ><div class='avia_textblock '   itemprop=\"text\" ><p style=\"text-align: center;\">Mein Sohn Adriano Segreto und ich Antonio Segreto<br \/>\nfreuen uns Sie als Gast unserer Internetseite<br \/>\nbegr\u00fc\u00dfen zu d\u00fcrfen.<\/p>\n<p style=\"text-align: center;\">Seit 2012 betreiben wir als<br \/>\nFamilienunternehmen unser gem\u00fctliches<br \/>\nLokal in Schopfheim an der Hebelstra\u00dfe 6.<\/p>\n<p style=\"text-align: center;\">Neben unserer beliebten Pizza in jeder<br \/>\nerdenklichen Variante bieten wir frische<br \/>\nSalate und k\u00f6stliche Pasta.<\/p>\n<p style=\"text-align: center;\">Also schauen Sie bald bei uns vorbei !<br \/>\nWir freuen uns auf Ihren pers\u00f6nlichen Besuch !<\/p>\n<\/div><\/section><\/p><\/div><div class=\"flex_column av_one_half  flex_column_div av-zero-column-padding   \" style='border-radius:0px; '><p><div style='padding-bottom:50px;font-size:30px;' class='av-special-heading av-special-heading-h3  blockquote modern-quote modern-centered   av-inherit-size'><h3 class='av-special-heading-tag'  itemprop=\"headline\"  >So haben wir ge\u00f6ffnet<\/h3><div class='special-heading-border'><div class='special-heading-inner-border' ><\/div><\/div><\/div><br \/>\n<section class=\"av_textblock_section\"  itemscope=\"itemscope\" itemtype=\"https:\/\/schema.org\/CreativeWork\" ><div class='avia_textblock '   itemprop=\"text\" ><p style=\"text-align: center;\">Montag &#8211; Freitag<\/p>\n<p style=\"text-align: center;\">11:00 Uhr -14:00 Uhr<br \/>\n17:00 Uhr &#8211; 21:00 Uhr<\/p>\n<\/div><\/section><br \/>\n<section class=\"av_textblock_section\"  itemscope=\"itemscope\" itemtype=\"https:\/\/schema.org\/CreativeWork\" ><div class='avia_textblock '   itemprop=\"text\" ><p style=\"text-align: center;\">Gerne unterst\u00fctzen wir<br \/>\nSie aber auch au\u00dferhalb<br \/>\nunserer Gesch\u00e4ftszeiten<br \/>\nmit unserer K\u00fcche.<\/p>\n<p style=\"text-align: center;\">Rufen Sie uns an!<\/p>\n<\/div><\/section><\/p><\/div>\n\n<\/div><\/div><\/div><!-- close content main div --><\/div><\/div><div id='speisekarte' class='avia-section main_color avia-section-huge avia-no-shadow avia-bg-style-scroll  container_wrap fullsize' style = 'background-color: #ffffff; '  ><div class='container' ><div class='template-page content  av-content-full alpha units'><div class='post-entry post-entry-type-page post-entry-126'><div class='entry-content-wrapper clearfix'>\n<div style='padding-bottom:20px;' class='av-special-heading av-special-heading-h2  blockquote modern-quote modern-centered  '><h2 class='av-special-heading-tag'  itemprop=\"headline\"  >Unsere Spei\u00dfekarte<\/h2><div class='special-heading-border'><div class='special-heading-inner-border' ><\/div><\/div><\/div>\n<div class=\"flex_column av_one_half  flex_column_div av-zero-column-padding first  \" style='border-radius:0px; '><div class='avia-image-container  av-styling-no-styling   avia-align-center '  itemscope=\"itemscope\" itemtype=\"https:\/\/schema.org\/ImageObject\"  ><div class='avia-image-container-inner'><img class='avia_image ' src='https:\/\/www.pizzapastatoni.de\/wp-content\/uploads\/2024\/09\/flyer02-2022-links-2024.jpg' alt='' title='flyer02-2022-links-2024'   itemprop=\"thumbnailUrl\"  \/><\/div><\/div><\/div><div class=\"flex_column av_one_half  flex_column_div av-zero-column-padding   \" style='border-radius:0px; '><div class='avia-image-container  av-styling-no-styling   avia-align-center '  itemscope=\"itemscope\" itemtype=\"https:\/\/schema.org\/ImageObject\"  ><div class='avia-image-container-inner'><img class='avia_image ' src='https:\/\/www.pizzapastatoni.de\/wp-content\/uploads\/2024\/09\/flyer02-2022-rechts-2024-1.jpg' alt='' title='flyer02-2022-rechts-2024'   itemprop=\"thumbnailUrl\"  \/><\/div><\/div><\/div><\/div><\/div><\/div><!-- close content main div --><\/div><\/div><div id='contact' class='av-layout-grid-container entry-content-wrapper socket_color av-flex-cells  container_wrap fullsize'   >\n<div class=\"flex_cell no_margin av_one_half   \" style='vertical-align:middle; padding:10; '><div class='flex_cell_inner' ><p><div style='padding-bottom:30px;font-size:30px;' class='av-special-heading av-special-heading-h3  blockquote modern-quote modern-centered   av-inherit-size'><h3 class='av-special-heading-tag'  itemprop=\"headline\"  >Schreib uns<\/h3><div class='special-heading-border'><div class='special-heading-inner-border' ><\/div><\/div><\/div><br \/>\n<section class=\"av_textblock_section\"  itemscope=\"itemscope\" itemtype=\"https:\/\/schema.org\/CreativeWork\" ><div class='avia_textblock '   itemprop=\"text\" ><p>\u00dcber eine kleine Nachricht von dir freuen wir uns immer. Ob Lob, W\u00fcnsche oder Kritik spielt dabei keine rolle. Sende uns dein Anliegen und wir k\u00fcmmern uns darum.<\/p>\n<\/div><\/section><br \/>\n<form action=\"https:\/\/www.pizzapastatoni.de\/\" method=\"post\"  class=\"avia_ajax_form av-form-labels-hidden   \" data-avia-form-id=\"1\" data-avia-redirect=''><fieldset><p class=' first_form  form_element form_fullwidth' id='element_avia_1_1'> <input name=\"avia_1_1\" class=\"text_input is_empty\" type=\"text\" id=\"avia_1_1\" value=\"\"  placeholder='Name*'\/><\/p><p class=' first_form  form_element form_fullwidth' id='element_avia_2_1'> <input name=\"avia_2_1\" class=\"text_input is_email\" type=\"text\" id=\"avia_2_1\" value=\"\"  placeholder='E-Mail*'\/><\/p><p class=' first_form  form_element form_fullwidth' id='element_avia_3_1'> <input name=\"avia_3_1\" class=\"text_input is_empty\" type=\"text\" id=\"avia_3_1\" value=\"\"  placeholder='Betreff*'\/><\/p><p class=' first_form  form_element form_fullwidth' id='element_avia_4_1'>\t <textarea  placeholder='Nachricht*' name=\"avia_4_1\" class=\"text_area is_empty\" cols=\"40\" rows=\"7\" id=\"avia_4_1\" ><\/textarea><\/p><div id='avia_5_1' class='av-form-text'><p>\n<a href=\"http:\/\/www.pizzapastatoni.de\/?page_id=276\" target=\"_blank\" rel=\"noopener\">Datenschutzerkl\u00e4rung<\/a><\/p>\n<\/div><p class=' first_form  form_element form_fullwidth' id='element_avia_6_1'>    <input  name=\"avia_6_1\" class=\"input_checkbox is_empty\" type=\"checkbox\" id=\"avia_6_1\" value=\"true\"\/><label class=\"input_checkbox_label\" for=\"avia_6_1\">Ja, ich stimme der oben genannten Datenschutzerkl\u00e4rung zu <abbr class=\"required\" title=\"required\">*<\/abbr><\/label><\/p><p class=\"hidden\"><input type=\"text\" name=\"avia_7_1\" class=\"hidden \" id=\"avia_7_1\" value=\"\" \/><\/p><p class='' id='element_avia_8_1'>    <span class='value_verifier_label'>0 + 7 = ?<\/span>    <input name=\"avia_8_1_verifier\" type=\"hidden\" id=\"avia_8_1_verifier\" value=\"248487746\"\/><label for=\"avia_8_1\">Bitte l\u00f6se die Gleichung. Diese Ma\u00dfnahme dient der Abwehr von Spam. <abbr class=\"required\" title=\"required\">*<\/abbr><\/label>    <input name=\"avia_8_1\" class=\"text_input captcha\" type=\"text\" id=\"avia_8_1\" value=\"\"\/><\/p><p class=\"form_element \"><input type=\"hidden\" value=\"1\" name=\"avia_generated_form1\" \/><input type=\"submit\" value=\"Abschicken\" class=\"button\"  data-sending-label=\"Sending\"\/><\/p><\/fieldset><\/form><div id=\"ajaxresponse_1\" class=\"ajaxresponse ajaxresponse_1 hidden\"><\/div><\/p>\n<\/div><\/div><div class=\"flex_cell no_margin av_one_half   av-zero-padding \" style='vertical-align:middle; padding:0px; background-color:#ffffff; '><div class='flex_cell_inner' ><div id='av_gmap_1' class='avia-google-map-container' data-mapid='1' style='height: 850px;'><\/div>\n<\/div><\/div>\n<\/div><\/p>\n","protected":false},"excerpt":{"rendered":"","protected":false},"author":2,"featured_media":0,"parent":0,"menu_order":0,"comment_status":"closed","ping_status":"closed","template":"","meta":[],"_links":{"self":[{"href":"https:\/\/www.pizzapastatoni.de\/index.php?rest_route=\/wp\/v2\/pages\/126"}],"collection":[{"href":"https:\/\/www.pizzapastatoni.de\/index.php?rest_route=\/wp\/v2\/pages"}],"about":[{"href":"https:\/\/www.pizzapastatoni.de\/index.php?rest_route=\/wp\/v2\/types\/page"}],"author":[{"embeddable":true,"href":"https:\/\/www.pizzapastatoni.de\/index.php?rest_route=\/wp\/v2\/users\/2"}],"replies":[{"embeddable":true,"href":"https:\/\/www.pizzapastatoni.de\/index.php?rest_route=%2Fwp%2Fv2%2Fcomments&post=126"}],"version-history":[{"count":23,"href":"https:\/\/www.pizzapastatoni.de\/index.php?rest_route=\/wp\/v2\/pages\/126\/revisions"}],"predecessor-version":[{"id":303,"href":"https:\/\/www.pizzapastatoni.de\/index.php?rest_route=\/wp\/v2\/pages\/126\/revisions\/303"}],"wp:attachment":[{"href":"https:\/\/www.pizzapastatoni.de\/index.php?rest_route=%2Fwp%2Fv2%2Fmedia&parent=126"}],"curies":[{"name":"wp","href":"https:\/\/api.w.org\/{rel}","templated":true}]}}